{"id":1345,"date":"2019-08-01T14:18:20","date_gmt":"2019-08-01T14:18:20","guid":{"rendered":"https:\/\/testa.com.br\/?page_id=1345"},"modified":"2021-03-08T20:10:55","modified_gmt":"2021-03-08T20:10:55","slug":"talhaseletricas","status":"publish","type":"page","link":"https:\/\/testa.com.br\/website\/talhaseletricas\/","title":{"rendered":"Talhas El\u00e9tricas"},"content":{"rendered":"<section class='page-content' style=''  ><section class='container'><div class='row' style=''><div class='col-md-6 ' style='' ><section class='nivoSlider' data-manual='0' data-pause='3000' data-navigation='1' data-pause-hover='0'><\/section><div class='image-carousel'><ul class='carousel-li client-carousel' data-play='1' data-timeout='3000'><\/ul><\/div><\/div><div class='col-md-6 ' style='' ><section class='heading-bordered'>\r\n                    <h3>Talhas El\u00e9tricas<\/h3>\r\n                <\/section><div class='cma-wysiwyg-editor'><p><strong>TALHAS EL\u00c9TRICAS <\/strong><\/p><p>As Talhas el\u00e9tricas de alta performance atendem capacidades a partir de 125 kg, al\u00e9m de outras capacidades sob consulta. Fabricadas dentro das normas vigentes, inclui o limitador de carga, rel\u00e9 falta e sequ\u00eancia de fase, limitador de fim de curso do gancho e preparo para os fins de curso horizontais e tamb\u00e9m para receber o controle remoto sem fio. Todos motores s\u00e3o comandados por inversor de frequ\u00eancia por meio de botoeira pendente com os comandos e bot\u00e3o de emerg\u00eancia. Esta moderna linha de Talhas possui grande versatilidade. Atende desde suaves posicionamentos para pe\u00e7as delicadas ou podem ser fornecidas com altas velocidades suportando performances de regimes pesados de trabalho. O grau de prote\u00e7\u00e3o destas Talhas \u00e9 IP 55 e da botoeira IP66.<\/p><br \/><\/div><\/div><\/div><div class='row' style=''><div class='col-md-3 ' style='' ><section class='heading-bordered'>\r\n                    <h3>Nossos<strong> Produtos<\/strong> <\/h3>\r\n                <\/section><div class=\"cma-wp-widget widget widget_nav_menu cma_widget_nav_menu\" id=\"cma-widget-WP_Nav_Menu_Widget-6\"><div class=\"menu-menu-produtos-container\"><ul id=\"menu-menu-produtos\" class=\"menu\"><li id=\"menu-item-1354\" class=\"menu-item menu-item-type-post_type menu-item-object-page menu-item-1354\"><a href=\"https:\/\/testa.com.br\/website\/pontesrolantes\/\">PONTES ROLANTES<\/a><\/li>\n<li id=\"menu-item-1353\" class=\"menu-item menu-item-type-post_type menu-item-object-page menu-item-1353\"><a href=\"https:\/\/testa.com.br\/website\/talhaseletricas\/\">TALHAS EL\u00c9TRICAS<\/a><\/li>\n<li id=\"menu-item-1402\" class=\"menu-item menu-item-type-post_type menu-item-object-page menu-item-1402\"><a href=\"https:\/\/testa.com.br\/website\/controle-remoto-industrial\/\">CONTROLE REMOTO INDUSTRIAL<\/a><\/li>\n<li id=\"menu-item-1403\" class=\"menu-item menu-item-type-post_type menu-item-object-page menu-item-1403\"><a href=\"https:\/\/testa.com.br\/website\/limitadores-de-carga\/\">LIMITADORES DE CARGA<\/a><\/li>\n<li id=\"menu-item-1404\" class=\"menu-item menu-item-type-post_type menu-item-object-page menu-item-1404\"><a href=\"https:\/\/testa.com.br\/website\/barramentos-blindados\/\">BARRAMENTO BLINDADO<\/a><\/li>\n<li id=\"menu-item-1405\" class=\"menu-item menu-item-type-post_type menu-item-object-page menu-item-1405\"><a href=\"https:\/\/testa.com.br\/website\/sinalizadores-sonoros-luminosos\/\">SIRENE E GIROFLEX<\/a><\/li>\n<li id=\"menu-item-1407\" class=\"menu-item menu-item-type-post_type menu-item-object-page menu-item-1407\"><a href=\"https:\/\/testa.com.br\/website\/redutores-motorredutores\/\">REDUTORES E MOTORREDUTORES<\/a><\/li>\n<li id=\"menu-item-1352\" class=\"menu-item menu-item-type-post_type menu-item-object-page menu-item-1352\"><a href=\"https:\/\/testa.com.br\/website\/enroladores-de-cabo\/\">ENROLADORES DE CABO<\/a><\/li>\n<li id=\"menu-item-1409\" class=\"menu-item menu-item-type-post_type menu-item-object-page menu-item-1409\"><a href=\"https:\/\/testa.com.br\/website\/polias-variadoras\/\">POLIAS VARIADORAS E BASE PARA MOTORES<\/a><\/li>\n<li id=\"menu-item-1410\" class=\"menu-item menu-item-type-post_type menu-item-object-page menu-item-1410\"><a href=\"https:\/\/testa.com.br\/website\/inversores-de-frequencia\/\">TEGGLOAD<\/a><\/li>\n<\/ul><\/div><\/div><\/div><div class='col-md-3 empty' style='' ><\/div><div class='col-md-6 ' style='' ><section class='heading-bordered'>\r\n                    <h3>Solicite um <strong> Or\u00e7amento <\/strong><\/h3>\r\n                <\/section><div class='cma-wysiwyg-editor'><p style=\"text-align: left;\"><div data-uniq='69ea3f6e67b1f' class='uniq-69ea3f6e67b1f formcraft-css form-live align-left'><div class='form-logic'>[]<\/div><div class=\"fc-pagination-cover fc-pagination-1\">\n\t\t\t\t<div class=\"fc-pagination width-100\">\n\t\t\t\t\t<div class=\"pagination-trigger \" data-index=\"0\">\n\t\t\t\t\t\t<span class=\"page-number\"><span >1<\/span><\/span>\n\t\t\t\t\t\t<span class=\"page-name \">Step 1<\/span>\n\t\t\t\t\t\t\n\t\t\t\t\t<\/div>\n\t\t\t\t<\/div>\n\t\t\t<\/div>\n\t\t\t\n\t\t\t<style scoped=\"scoped\" >\n\t\t\t@media (max-width : 480px) {\n\t\t\t\t.fc_modal-dialog-1 .fc-pagination-cover .fc-pagination\n\t\t\t\t{\n\t\t\t\t\tbackground-color: none !important;\n\t\t\t\t}\n\t\t\t}\n\t\t\t\t\t\t.formcraft-css .fc-form.fc-form-1 .form-element .submit-cover .submit-button,\n\t\t\t.formcraft-css .fc-form.fc-form-1 .form-element .fileupload-cover .button-file,\n\t\t\t.formcraft-css .fc-form.fc-form-1 .form-element .field-cover .button,\n\t\t\t.formcraft-datepicker .ui-datepicker-header,\n\t\t\t.formcraft-datepicker .ui-datepicker-title\n\t\t\t{\n\t\t\t\tbackground: #4488ee;\n\t\t\t\tcolor: #fff;\n\t\t\t}\n\t\t\t.formcraft-datepicker td .ui-state-active,\n\t\t\t.formcraft-datepicker td .ui-state-hover,\n\t\t\t.formcraft-css .fc-form.fc-form-1 .form-element .slider-cover .ui-slider-range\n\t\t\t{\n\t\t\t\tbackground: #4488ee;\n\t\t\t}\n\t\t\t#ui-datepicker-div.formcraft-datepicker .ui-datepicker-header,\n\t\t\t.formcraft-css .fc-form .field-cover>div.full hr\n\t\t\t{\n\t\t\t\tborder-color: #3b77d1;\n\t\t\t}\n\t\t\t#ui-datepicker-div.formcraft-datepicker .ui-datepicker-prev:hover,\n\t\t\t#ui-datepicker-div.formcraft-datepicker .ui-datepicker-next:hover,\n\t\t\t#ui-datepicker-div.formcraft-datepicker select.ui-datepicker-month:hover,\n\t\t\t#ui-datepicker-div.formcraft-datepicker select.ui-datepicker-year:hover\n\t\t\t{\n\t\t\t\tbackground-color: #3b77d1;\n\t\t\t}\n\t\t\t.formcraft-css .fc-pagination>div.active .page-number,\n\t\t\t.formcraft-css .form-cover-builder .fc-pagination>div:first-child .page-number\n\t\t\t{\n\t\t\t\tbackground-color: #4488ee;\n\t\t\t\tcolor: #fff;\n\t\t\t}\n\t\t\t#ui-datepicker-div.formcraft-datepicker table.ui-datepicker-calendar th,\n\t\t\t#ui-datepicker-div.formcraft-datepicker table.ui-datepicker-calendar td.ui-datepicker-today a,\n\t\t\t.formcraft-css .fc-form.fc-form-1 .form-element .star-cover label,\n\t\t\thtml .formcraft-css .fc-form.label-floating .form-element .field-cover.has-focus>span,\n\t\t\t.formcraft-css .fc-form.fc-form-1 .form-element .customText-cover a,\n\t\t\t.formcraft-css .prev-next>div span:hover\n\t\t\t{\n\t\t\t\tcolor: #4488ee;\n\t\t\t}\n\t\t\t.formcraft-css .fc-form.fc-form-1 .form-element .customText-cover a:hover\n\t\t\t{\n\t\t\t\tcolor: #3b77d1;\n\t\t\t}\n\t\t\thtml .formcraft-css .fc-form.fc-form-1.label-floating .form-element .field-cover > span\n\t\t\t{\n\t\t\t\tcolor: #666666;\n\t\t\t}\n\t\t\thtml .formcraft-css .fc-form .final-success .final-success-check {\n\t\t\t\tborder: 2px solid #666666;\n\t\t\t}\n\t\t\t.formcraft-css .fc-form.fc-form-1 .form-element .field-cover input[type=\"text\"],\n\t\t\t.formcraft-css .fc-form.fc-form-1 .form-element .field-cover input[type=\"email\"],\n\t\t\t.formcraft-css .fc-form.fc-form-1 .form-element .field-cover input[type=\"password\"],\n\t\t\t.formcraft-css .fc-form.fc-form-1 .form-element .field-cover input[type=\"tel\"],\n\t\t\t.formcraft-css .fc-form.fc-form-1 .form-element .field-cover textarea,\n\t\t\t.formcraft-css .fc-form.fc-form-1 .form-element .field-cover select,\n\t\t\t.formcraft-css .fc-form.fc-form-1 .form-element .field-cover .time-fields-cover,\n\t\t\t.formcraft-css .fc-form.fc-form-1 .form-element .field-cover .awesomplete ul\n\t\t\t{\n\t\t\t\tcolor: #777777;\n\t\t\t}\n\t\t\t.formcraft-css .fc-form.fc-form-1 .form-element .field-cover input[type=\"text\"],\n\t\t\t.formcraft-css .fc-form.fc-form-1 .form-element .field-cover input[type=\"password\"],\n\t\t\t.formcraft-css .fc-form.fc-form-1 .form-element .field-cover input[type=\"email\"],\n\t\t\t.formcraft-css .fc-form.fc-form-1 .form-element .field-cover input[type=\"radio\"],\n\t\t\t.formcraft-css .fc-form.fc-form-1 .form-element .field-cover input[type=\"checkbox\"],\n\t\t\t.formcraft-css .fc-form.fc-form-1 .form-element .field-cover input[type=\"tel\"],\n\t\t\t.formcraft-css .fc-form.fc-form-1 .form-element .field-cover select,\n\t\t\t.formcraft-css .fc-form.fc-form-1 .form-element .field-cover textarea\n\t\t\t{\n\t\t\t\tbackground-color: #fafafa;\n\t\t\t}\n\t\t\t.formcraft-css .fc-form.fc-form-1 .form-element .field-cover input[type=\"radio\"]:checked,\n\t\t\t.formcraft-css .fc-form.fc-form-1 .form-element .field-cover input[type=\"checkbox\"]:checked {\n\t\t\t\tborder-color: #3b77d1;\n\t\t\t\tbackground: #4488ee;\t\t\t\t\n\t\t\t}\n\t\t\t.formcraft-css .fc-form.fc-form-1 .form-element .star-cover label .star\n\t\t\t{\n\t\t\t\ttext-shadow: 0px 1px 0px #3b77d1;\n\t\t\t}\n\t\t\t.formcraft-css .fc-form.fc-form-1 .form-element .slider-cover .ui-slider-range\n\t\t\t{\n\t\t\t\tbox-shadow: 0px 1px 1px #3b77d1 inset;\n\t\t\t}\n\t\t\t.formcraft-css .fc-form.fc-form-1 .form-element .fileupload-cover .button-file\n\t\t\t{\n\t\t\t\tborder-color: #3b77d1;\n\t\t\t}\n\t\t\t.formcraft-css .fc-form.fc-form-1 .form-element .form-element-html input[type=\"password\"]:focus,\n\t\t\t.formcraft-css .fc-form.fc-form-1 .form-element .form-element-html input[type=\"email\"]:focus,\n\t\t\t.formcraft-css .fc-form.fc-form-1 .form-element .form-element-html input[type=\"tel\"]:focus,\n\t\t\t.formcraft-css .fc-form.fc-form-1 .form-element .form-element-html input[type=\"text\"]:focus,\n\t\t\t.formcraft-css .fc-form.fc-form-1 .form-element .form-element-html textarea:focus,\n\t\t\t.formcraft-css .fc-form.fc-form-1 .form-element .form-element-html select:focus\n\t\t\t{\n\t\t\t\tborder-color: #4488ee;\n\t\t\t}\n\t\t\t.formcraft-css .fc-form.fc-form-1 .form-element .form-element-html .field-cover .is-read-only:focus {\n\t\t\t\tborder-color: #ccc;\n\t\t\t}\n\t\t\t.formcraft-css .fc-form.fc-form-1\t\t\t{\n\t\t\t\tfont-family: inherit;\n\t\t\t}\n\t\t\t@media (max-width : 480px) {\n\t\t\t\thtml .dedicated-page,\n\t\t\t\thtml .dedicated-page .formcraft-css .fc-pagination > div.active\n\t\t\t\t{\n\t\t\t\t\tbackground: none;\n\t\t\t\t}\n\t\t\t}\n\t\t<\/style>\n\t\t<div class=\"form-cover\">\n\t\t\t<form data-auto-scroll=\"\" data-no-message-redirect=\"\" data-thousand=\"\" data-decimal=\".\" data-delay=\"\" data-id=\"1\" class=\"fc-form fc-form-1 align- fc-temp-class spin- save-form- dont-submit-hidden- remove-asterisk- icons-hide- disable-enter- label-inline field-border-visible frame-hidden field-alignment-left\" style=\"width: 420px; color: #666666; font-size: 100%; background: none\">\n\t\t\t\t<div class=\"form-page form-page-0\" data-index=\"0\">\n\t\t\t\t\t\n\t\t\t\t\t<div class=\"form-page-content     \">\n\t\t\t\t\t\t<div data-identifier=\"field4\" data-index=\"0\" style=\"width: 100%\" class=\" form-element form-element-field4 form-element-0 default-false form-element-type-oneLineText is-required-true odd -handle options-false index-false\">\n\t\t\t\t\t\t\t<div class=\"form-element-html\"><div ><label class=\"oneLineText-cover field-cover \"><span class=\"sub-label-false\"><span class=\"main-label\"><span >Nome<\/span><\/span><span class=\"sub-label\"><\/span><\/span><div><span class=\"error\"><\/span><input type=\"text\" placeholder=\"\" make-read-only=\"false\" data-field-id=\"field4\" name=\"field4[]\" data-min-char=\"\" data-max-char=\"\" data-val-type=\"\" data-regexp=\"\" data-is-required=\"true\" data-allow-spaces=\"\" class=\"validation-lenient\" data-placement=\"right\" data-toggle=\"tooltip\" tooltip=\"\" data-trigger=\"focus\" data-html=\"true\" data-input-mask=\"\" data-mask-placeholder=\"\" data-original-title=\"\"><i class=\"formcraft-icon formcraft-icon-type-\"><\/i><\/div><\/label><\/div><\/div>\n\t\t\t\t\t\t\t\n\t\t\t\t\t\t<\/div><div data-identifier=\"field3\" data-index=\"1\" style=\"width: 100%\" class=\" even form-element form-element-field3 form-element-1 default-false form-element-type-email is-required-true -handle options-false index-false\">\n\t\t\t\t\t\t\t<div class=\"form-element-html\"><div ><label class=\"email-cover field-cover \"><span class=\"sub-label-true\"><span class=\"main-label\"><span >Email<\/span><\/span><span class=\"sub-label\"><\/span><\/span><div><span class=\"error\"><\/span><input placeholder=\"\" data-field-id=\"field3\" type=\"text\" data-val-type=\"email\" make-read-only=\"\" data-is-required=\"true\" name=\"field3\" class=\"validation-lenient\" data-placement=\"right\" data-toggle=\"tooltip\" tooltip=\"\" data-trigger=\"focus\" data-html=\"true\" data-original-title=\"\"><i class=\"formcraft-icon\">email<\/i><\/div><\/label><\/div><\/div>\n\t\t\t\t\t\t\t\n\t\t\t\t\t\t<\/div><div data-identifier=\"field5\" data-index=\"2\" style=\"width: 100%\" class=\" form-element form-element-field5 form-element-2 default-false form-element-type-oneLineText is-required-true odd -handle options-false index-false\">\n\t\t\t\t\t\t\t<div class=\"form-element-html\"><div ><label class=\"oneLineText-cover field-cover \"><span class=\"sub-label-false\"><span class=\"main-label\"><span >Telefone<\/span><\/span><span class=\"sub-label\"><\/span><\/span><div><span class=\"error\"><\/span><input type=\"text\" placeholder=\"\" make-read-only=\"false\" data-field-id=\"field5\" name=\"field5[]\" data-min-char=\"\" data-max-char=\"\" data-val-type=\"\" data-regexp=\"\" data-is-required=\"true\" data-allow-spaces=\"\" class=\"validation-lenient\" data-placement=\"right\" data-toggle=\"tooltip\" tooltip=\"\" data-trigger=\"focus\" data-html=\"true\" data-input-mask=\"\" data-mask-placeholder=\"\" data-original-title=\"\"><i class=\"formcraft-icon formcraft-icon-type-\"><\/i><\/div><\/label><\/div><\/div>\n\t\t\t\t\t\t\t\n\t\t\t\t\t\t<\/div><div data-identifier=\"field6\" data-index=\"3\" style=\"width: 100%\" class=\" even form-element form-element-field6 form-element-3 default-false form-element-type-textarea is-required-true -handle options-false index-false\">\n\t\t\t\t\t\t\t<div class=\"form-element-html\"><div ><label class=\"textarea-cover field-cover \"><span class=\"sub-label-false\"><span class=\"main-label\"><span >Mensagem<\/span><\/span><span class=\"sub-label\"><\/span><\/span><div><span class=\"error\"><\/span><textarea data-field-id=\"field6\" placeholder=\"\" class=\"validation-lenient\" name=\"field6\" value=\"\" rows=\"5\" data-min-char=\"\" data-max-char=\"\" data-is-required=\"true\" data-placement=\"right\" data-toggle=\"tooltip\" tooltip=\"\" data-trigger=\"focus\" data-html=\"true\" data-original-title=\"\" style=\"min-height: 110px\"><\/textarea><div class=\"count-\"><span class=\"current-count\">0<\/span> \/ <span class=\"max-count \"><\/span><\/div><\/div><\/label><\/div><\/div>\n\t\t\t\t\t\t\t\n\t\t\t\t\t\t<\/div><div data-identifier=\"field9\" data-index=\"4\" style=\"width: 100%\" class=\" form-element form-element-field9 options-false index-false form-element-4 default-false form-element-type-submit is-required-false odd -handle\">\n\t\t\t\t\t\t\t<div class=\"form-element-html\"><div ><div class=\"align-right wide-false submit-cover field-cover\"><button type=\"submit\" class=\"button submit-button\"><span class=\"text \">Enviar<\/span><span class=\"spin-cover\"><i style=\"color:\" class=\"loading-icon icon-cog animate-spin\"><\/i><\/span><\/button><\/div><div class=\"submit-response \"><\/div><label ><input type=\"text\" class=\"required_field\" name=\"website\" autocomplete=\"maple-syrup-pot\"><\/label><\/div><\/div>\n\t\t\t\t\t\t\t\n\t\t\t\t\t\t<\/div>\n\t\t\t\t\t<\/div>\n\t\t\t\t<\/div>\n\t\t\t<\/form>\n\t\t\t<div class=\"prev-next prev-next-1\" style=\"width: 420px; color: #666666; font-size: 100%; background: none\">\n\t\t\t\t<div><label><input type=\"text\" class=\"  \"><\/label><span class=\"inactive page-prev \"><i class=\"formcraft-icon\">keyboard_arrow_left<\/i>Previous<\/span><\/div>\n\t\t\t\t<div><label><input type=\"text\" class=\"  \"><\/label><span class=\"page-next \">Next<i class=\"formcraft-icon\">keyboard_arrow_right<\/i><\/span><\/div>\n\t\t\t<\/div>\n\t\t<\/div><\/div><\/p><\/div><\/div><\/div><\/section><\/section>\n","protected":false},"excerpt":{"rendered":"","protected":false},"author":1,"featured_media":0,"parent":0,"menu_order":0,"comment_status":"closed","ping_status":"open","template":"","meta":{"footnotes":""},"_links":{"self":[{"href":"https:\/\/testa.com.br\/website\/wp-json\/wp\/v2\/pages\/1345"}],"collection":[{"href":"https:\/\/testa.com.br\/website\/wp-json\/wp\/v2\/pages"}],"about":[{"href":"https:\/\/testa.com.br\/website\/wp-json\/wp\/v2\/types\/page"}],"author":[{"embeddable":true,"href":"https:\/\/testa.com.br\/website\/wp-json\/wp\/v2\/users\/1"}],"replies":[{"embeddable":true,"href":"https:\/\/testa.com.br\/website\/wp-json\/wp\/v2\/comments?post=1345"}],"version-history":[{"count":1,"href":"https:\/\/testa.com.br\/website\/wp-json\/wp\/v2\/pages\/1345\/revisions"}],"predecessor-version":[{"id":1346,"href":"https:\/\/testa.com.br\/website\/wp-json\/wp\/v2\/pages\/1345\/revisions\/1346"}],"wp:attachment":[{"href":"https:\/\/testa.com.br\/website\/wp-json\/wp\/v2\/media?parent=1345"}],"curies":[{"name":"wp","href":"https:\/\/api.w.org\/{rel}","templated":true}]}}