{"id":338,"date":"2019-06-04T10:46:30","date_gmt":"2019-06-04T10:46:30","guid":{"rendered":"http:\/\/b3eb612.ngrok.com\/wordpress\/elvyre\/?page_id=338"},"modified":"2021-03-19T18:31:01","modified_gmt":"2021-03-19T18:31:01","slug":"home-3","status":"publish","type":"page","link":"https:\/\/testa.com.br\/website\/","title":{"rendered":"Home"},"content":{"rendered":"<section class='page-content' style=''  ><section class='container'><div class='row' style=''><div class='col-md-3 ' style='' ><img src='https:\/\/testa.com.br\/website\/wp-content\/uploads\/2019\/08\/Ponte-Rolante-new.jpeg' class='left' title='Ponte Rolante-new' alt='Ponte Rolante-new' width='299' height='437'\/><div class='clearfix'><\/div><\/div><div class='col-md-6 ' style='' ><section class='heading-bordered'>\r\n                    <h3>O que oferecemos?<\/h3>\r\n                <\/section><ul class='services-overview'><li class='icon-checkmark'><h5>Estruturas dedicadas<\/h5><p>Projetamos estruturas dedicadas a equipamentos para movimenta\u00e7\u00e3o e eleva\u00e7\u00e3o de produtos industriais. De acordo com a necessidade do cliente.\n\n<\/p><\/li><li class='icon-checkmark'><h5>Fabrica\u00e7\u00e3o e entrega <\/h5><p>Fabricamos e entregamos funcionando o equipamento. Todos os nossos equipamentos s\u00e3o certificados e atestados com ART e possuem manuais detalhados com todos os itens.<\/p><\/li><li class='icon-checkmark'><a href='https:\/\/testa.com.br\/website\/our-services\/'>\r\n                                <h5>Moderniza\u00e7\u00e3o<\/h5>\r\n                            <\/a><p>Modernizamos Pontes Rolantes, P\u00f3rticos Rolantes, Talhas El\u00e9tricas para atenderem as normais atuais, especialmente a NR12.<\/p><\/li><li class='icon-checkmark'><h5>Assist\u00eancia T\u00e9cnica<\/h5><p>Oferecemos Assist\u00eancia T\u00e9cnica para todos  os equipamentos em todo o Brasil.<\/p><\/li><\/ul><\/div><div class='col-md-3 ' style='' ><section class='heading-bordered'>\r\n                    <h3>Alguns dados<\/h3>\r\n                <\/section><ul class='numbers-counter'><li>\r\n                        <span class='timer number' data-to='5000' data-speed='2000'>5000<\/span>\r\n                        <p>Projetos Realizados<\/p>\r\n                    <\/li><li>\r\n                        <span class='timer number' data-to='1500' data-speed='2000'>1500<\/span>\r\n                        <p>Clientes Satisfeitos<\/p>\r\n                    <\/li><li>\r\n                        <span class='timer number' data-to='50' data-speed='2000'>50<\/span>\r\n                        <p>Parceiros no Sul do Brasil<\/p>\r\n                    <\/li><li>\r\n                        <span class='timer number' data-to='06' data-speed='2000'>06<\/span>\r\n                        <p>Representa\u00e7\u00f5es<\/p>\r\n                    <\/li><\/ul><\/div><\/div><\/section><\/section>\n","protected":false},"excerpt":{"rendered":"","protected":false},"author":1,"featured_media":0,"parent":0,"menu_order":0,"comment_status":"closed","ping_status":"open","template":"","meta":{"footnotes":""},"_links":{"self":[{"href":"https:\/\/testa.com.br\/website\/wp-json\/wp\/v2\/pages\/338"}],"collection":[{"href":"https:\/\/testa.com.br\/website\/wp-json\/wp\/v2\/pages"}],"about":[{"href":"https:\/\/testa.com.br\/website\/wp-json\/wp\/v2\/types\/page"}],"author":[{"embeddable":true,"href":"https:\/\/testa.com.br\/website\/wp-json\/wp\/v2\/users\/1"}],"replies":[{"embeddable":true,"href":"https:\/\/testa.com.br\/website\/wp-json\/wp\/v2\/comments?post=338"}],"version-history":[{"count":8,"href":"https:\/\/testa.com.br\/website\/wp-json\/wp\/v2\/pages\/338\/revisions"}],"predecessor-version":[{"id":1477,"href":"https:\/\/testa.com.br\/website\/wp-json\/wp\/v2\/pages\/338\/revisions\/1477"}],"wp:attachment":[{"href":"https:\/\/testa.com.br\/website\/wp-json\/wp\/v2\/media?parent=338"}],"curies":[{"name":"wp","href":"https:\/\/api.w.org\/{rel}","templated":true}]}}