{"id":450,"date":"2019-06-04T13:44:29","date_gmt":"2019-06-04T13:44:29","guid":{"rendered":"http:\/\/b3eb612.ngrok.com\/wordpress\/elvyre\/?page_id=450"},"modified":"2021-03-08T20:06:17","modified_gmt":"2021-03-08T20:06:17","slug":"sobre-nos","status":"publish","type":"page","link":"https:\/\/testa.com.br\/website\/sobre-nos\/","title":{"rendered":"Quem Somos"},"content":{"rendered":"<section class='page-content' style=''  ><section class='container'><div class='row' style=''><div class='col-md-6 empty' style='' ><\/div><div class='col-md-6 ' style='' ><section class='heading-bordered'>\r\n                    <h3>Sobre N\u00f3s<\/h3>\r\n                <\/section><div class='cma-wysiwyg-editor'><p>Fundada em abril de 1980, pelo engenheiro mec\u00e2nico, Jandir Testa, a Testa Engenharia &amp; Representa\u00e7\u00f5es \u00e9 especialista em solu\u00e7\u00f5es inteligentes de movimenta\u00e7\u00e3o e eleva\u00e7\u00e3o de equipamentos de carga, atendendo os mais diversos segmentos industriais do mercado no sul do Brasil. S\u00e3o 40 anos, em que foram realizados mais de 5 mil projetos customizados aos seus mais de 1500 clientes, atrav\u00e9s de suas representadas e parceiros.\u00a0<\/p><p>\u00a0\n\n<br \/>\n\nCom habilidade na presta\u00e7\u00e3o de servi\u00e7os para as ind\u00fastrias: metal mec\u00e2nica, agroind\u00fastria, autope\u00e7as, eletroeletr\u00f4nicos e automa\u00e7\u00e3o, atualmente, o foco da companhia \u00e9 o dimensionamento de estruturas dedicadas a equipamentos para movimenta\u00e7\u00e3o de produtos industriais.\u00a0 E, a moderniza\u00e7\u00e3o atrav\u00e9s da atualiza\u00e7\u00e3o, manuten\u00e7\u00e3o e reforma de pontes rolantes, objetivando atender as normais atuais, especialmente a NR12.\u00a0<\/p><p>\u00a0\n\n<br \/>\n\nProjetamos equipamentos de acordo com a necessidade do cliente, fabricamos e entregamos funcionando, fornecemos certificados, Atestados ART e Manuais detalhados, tanto dos projetos quanto dos equipamentos, contemplando todos os itens.<\/p><\/div><\/div><\/div><div class='row' style=''><div class='col-md-3 ' style='' ><section class='heading-bordered'>\r\n                    <h3><strong>Mais<\/strong> Sobre N\u00f3s<\/h3>\r\n                <\/section><article class='accordion style-1'><div class='title active'><a title='Vis\u00e3o' href='#tab-11 '>Vis\u00e3o<\/a><\/div><div class='content'><p>Ser l\u00edder no fornecimento de projetos e de produtos customizados destinados a movimenta\u00e7\u00e3o industrial.<\/p>\n<p>Ser refer\u00eancia no fornecimento de projetos e de produtos customizados destinado a movimenta\u00e7\u00e3o e eleva\u00e7\u00e3o de cargas. <\/p>\n<\/div><div class='title '><a title='Miss\u00e3o' href='#tab-22 '>Miss\u00e3o<\/a><\/div><div class='content'><p>Atender 100% das normas vigentes com qualidade, que supere a expectativa dos nossos clientes.<\/p>\n<p>Atender cada cliente com excel\u00eancia, respeitando o seu neg\u00f3cio e atendendo a norma que se aplica. <\/p>\n<\/div><div class='title '><a title='Valores' href='#tab-33 '>Valores<\/a><\/div><div class='content'><p>\u00c9tica<br \/>\nAgilidade<br \/>\nSimplicidade<br \/>\nObjetividade<br \/>\nSeguran\u00e7a<\/p>\n<\/div><\/article><\/div><div class='col-md-6 ' style='' ><section class='heading-bordered'>\r\n                    <h3><strong>Solu\u00e7\u00f5es <\/strong> e Projetos<\/h3>\r\n                <\/section><div class='tabs-container'><ul class='tabs' id='tabs-570'><li class='active'><a title='Solu\u00e7\u00f5es' href='#tab-570-1 '>Solu\u00e7\u00f5es<\/a><\/li><li class=''><a title='Manuten\u00e7\u00e3o' href='#tab-570-2 '>Manuten\u00e7\u00e3o<\/a><\/li><li class=''><a title='Projetos' href='#tab-570-3 '>Projetos<\/a><\/li><\/ul><section class='tab-content-wrap'><div class='tab-content active' id='tab-570-1'><p>40 anos de Solu\u00e7\u00f5es Inteligentes em Movimenta\u00e7\u00e3o e Eleva\u00e7\u00e3o de Cargas.<\/p>\n<\/div><div class='tab-content ' id='tab-570-2'><p>Adapta\u00e7\u00e3o e manuten\u00e7\u00e3o de equipamentos para movimenta\u00e7\u00e3o e eleva\u00e7\u00e3o de cargas com seguran\u00e7a m\u00e1xima.<\/p>\n<\/div><div class='tab-content ' id='tab-570-3'><p>5 mil projetos e mais de 1500 clientes satisfeitos.<\/p>\n<\/div><\/section><\/div><\/div><div class='col-md-3 ' style='' ><section class='heading-bordered'>\r\n                    <h3>Equipe de<strong> Especialistas<\/strong> <\/h3>\r\n                <\/section><article class='accordion style-1'><div class='title active'><a title='Jandir Testa' href='#tab-11 '>Jandir Testa<\/a><\/div><div class='content'><p>Engenheiro Mec\u00e2nico<br \/>\nS\u00f3cio fundador, 40 anos de experi\u00eancia em projetos customizados<\/p>\n<p>e-mail: testa@testa.com.br<\/p>\n<\/div><div class='title '><a title='Juliano Testa' href='#tab-22 '>Juliano Testa<\/a><\/div><div class='content'><p>Administrador e Engenheiro Mec\u00e2nico<br \/>\n20 anos de experi\u00eancia com vendas<\/p>\n<p>e-mail: testa@testa.com.br<\/p>\n<\/div><div class='title '><a title='Marino Ferrari' href='#tab-33 '>Marino Ferrari<\/a><\/div><div class='content'><p>30 anos de experi\u00eancias com vendas.<\/p>\n<p>e-mail: testa@testa.com.br<\/p>\n<\/div><\/article><\/div><\/div><\/section><\/section>\n","protected":false},"excerpt":{"rendered":"","protected":false},"author":1,"featured_media":0,"parent":0,"menu_order":0,"comment_status":"closed","ping_status":"open","template":"","meta":{"footnotes":""},"_links":{"self":[{"href":"https:\/\/testa.com.br\/website\/wp-json\/wp\/v2\/pages\/450"}],"collection":[{"href":"https:\/\/testa.com.br\/website\/wp-json\/wp\/v2\/pages"}],"about":[{"href":"https:\/\/testa.com.br\/website\/wp-json\/wp\/v2\/types\/page"}],"author":[{"embeddable":true,"href":"https:\/\/testa.com.br\/website\/wp-json\/wp\/v2\/users\/1"}],"replies":[{"embeddable":true,"href":"https:\/\/testa.com.br\/website\/wp-json\/wp\/v2\/comments?post=450"}],"version-history":[{"count":5,"href":"https:\/\/testa.com.br\/website\/wp-json\/wp\/v2\/pages\/450\/revisions"}],"predecessor-version":[{"id":1471,"href":"https:\/\/testa.com.br\/website\/wp-json\/wp\/v2\/pages\/450\/revisions\/1471"}],"wp:attachment":[{"href":"https:\/\/testa.com.br\/website\/wp-json\/wp\/v2\/media?parent=450"}],"curies":[{"name":"wp","href":"https:\/\/api.w.org\/{rel}","templated":true}]}}